{"id":6924,"date":"2020-12-14T19:21:05","date_gmt":"2020-12-14T18:21:05","guid":{"rendered":"https:\/\/ozonosan.de\/?page_id=6924"},"modified":"2026-01-08T07:53:00","modified_gmt":"2026-01-08T06:53:00","slug":"kalender","status":"publish","type":"page","link":"https:\/\/haensler-medical.de\/en\/academy\/kalender\/","title":{"rendered":"Events"},"content":{"rendered":"\n\n<div class=\"wp-block-group MainContent MainContent--page\"><div class=\"wp-block-group__inner-container is-layout-flow wp-block-group-is-layout-flow\">\n<div class=\"wp-block-v4core-inner-blocks MainContent-left\">\n<figure class=\"wp-block-image size-large is-style-default\"><img loading=\"lazy\" decoding=\"async\" width=\"1920\" height=\"1280\" src=\"https:\/\/haensler-medical.de\/wp-content\/uploads\/2020\/12\/Veranstaltungen-ozonosan-kongress-seminar.jpg\" alt=\"\" class=\"wp-image-3065\" srcset=\"https:\/\/haensler-medical.de\/wp-content\/uploads\/2020\/12\/Veranstaltungen-ozonosan-kongress-seminar.jpg 1920w, https:\/\/haensler-medical.de\/wp-content\/uploads\/2020\/12\/Veranstaltungen-ozonosan-kongress-seminar-1100x733.jpg 1100w, https:\/\/haensler-medical.de\/wp-content\/uploads\/2020\/12\/Veranstaltungen-ozonosan-kongress-seminar-768x512.jpg 768w, https:\/\/haensler-medical.de\/wp-content\/uploads\/2020\/12\/Veranstaltungen-ozonosan-kongress-seminar-1536x1024.jpg 1536w, https:\/\/haensler-medical.de\/wp-content\/uploads\/2020\/12\/Veranstaltungen-ozonosan-kongress-seminar-600x400.jpg 600w\" sizes=\"auto, (max-width: 1920px) 100vw, 1920px\" \/><\/figure>\n\n\n\n<p>Our team regularly attends trade fairs and conferences and looks forward to meeting you in person.<\/p>\n\n\n\n<p class=\"has-text-align-left\">We would also like to draw your attention to the extensive range of seminars and training courses offered by the <a href=\"http:\/\/www.ozongesellschaft.de\/\" target=\"_blank\" rel=\"noreferrer noopener\">Medical Society for Ozone Application in Prevention and Therapy <\/a>(\u00c4rztliche Gesellschaft f\u00fcr Ozonanwendung in Pr\u00e4vention und Therapie e.V.). In addition to numerous on-site events, the society also provides a wide selection of online seminars covering all aspects of ozone therapy.<\/p>\n\n\n\n<p>Whether you are already experienced in ozone applications or just getting started, our goal is to foster knowledge exchange and offer valuable insights into the diverse possibilities of ozone therapy. To support this, we regularly invite industry experts to share their expertise.<\/p>\n<\/div>\n\n\n\n<div class=\"wp-block-v4core-inner-blocks MainContent-right\">\n<div class=\"wp-block-v4core-layout undefined alignwide--right\"><div class=\"\"><div class='Sidebar'>\n\n<div class=\"wp-block-v4core-sidebar-item Sidebar-item\">\n<p class=\"Sidebar-item-title h6\" style=\"font-size:25px\">H\u00e4nsler Medical GmbH<\/p>\n\n\n\n<div class=\"wp-block-v4core-sidebar-item-content Sidebar-item-content\">\n<p>Nordring 8<br>76473 Iffezheim<br>Phone: +49 7229 30460<br><a href=\"info@haensler-medical.com\" target=\"_blank\" rel=\"noreferrer noopener\">E-Mail schreiben<\/a><\/p>\n<\/div>\n<\/div>\n\n<\/div><\/div><\/div>\n<\/div>\n<\/div><\/div>\n\n\n\n\n<div class=\"wp-block-group\"><div class=\"wp-block-group__inner-container is-layout-flow wp-block-group-is-layout-flow\">\n<div class=\"wp-block-columns is-layout-flex wp-container-core-columns-is-layout-9d6595d7 wp-block-columns-is-layout-flex\">\n<div class=\"wp-block-column is-layout-flow wp-block-column-is-layout-flow\">\n\n<div class=\"wp-block-v4core-inner-blocks SEOHeading\">\n<h2 class=\"wp-block-heading SEOHeading-heading\">Events<\/h2>\n\n\n\n<p class=\"SEOHeading-fauxHeading\">Events 2026<\/p>\n<\/div>\n\n<\/div>\n\n\n\n<div class=\"wp-block-column is-layout-flow wp-block-column-is-layout-flow\">\n<p>In 2026, H\u00e4nsler Medical will once again be represented at trade fairs, congresses, and practical workshops throughout Germany and around the world. Experience ozone therapy up close, connect with experienced practitioners, and expand your expertise through certified training programs.<br>Whether you are a beginner or a seasoned professional \u2013 we look forward to meeting you in person!<\/p>\n<\/div>\n<\/div>\n\n\n\n<div class=\"wp-block-v4core-accordion Accordion v4-accordion\">\n<div class=\"wp-block-v4core-accordion-item Accordion-item v4-accordion-item\">\n<p class=\"Accordion-item-title v4-accordion-title\">February 9 &#8211; 12 <a href=\"https:\/\/www.worldhealthexpo.com\/events\/healthcare\/dubai\/en\/home.html\" target=\"_blank\" rel=\"noreferrer noopener\">WHX DUBAI FORMERLY ARAB HEALTH<\/a> (Dubai, UAE)<\/p>\n\n\n\n<div class=\"wp-block-v4core-accordion-item-content Accordion-item-content v4-accordion-content\">\n<p>Previously known as <strong>Arab Health<\/strong>, WHX Dubai 2026 is the world&#8217;s leading trade fair in the healthcare sector. Discover high-end solutions for ozone therapy at this international exhibition. Meet with our team of experts and learn firsthand how modern ozone therapy is supporting the future of healthcare.<br>Deepen your knowledge by exchanging information about proven applications and exciting innovations related to ozone in clinical and preventive use.<\/p>\n<\/div>\n<\/div>\n\n\n\n<div class=\"wp-block-v4core-accordion-item Accordion-item v4-accordion-item\">\n<p class=\"Accordion-item-title v4-accordion-title\">March 27 &#8211; 29 <a href=\"https:\/\/ozonecongress.com\/en\/\" target=\"_blank\" rel=\"noreferrer noopener\">INTERNATIONAL OZONE &amp; REGENERATIVE MEDICINE CONGRESS<\/a> (Istanbul, TR)<\/p>\n\n\n\n<div class=\"wp-block-v4core-accordion-item-content Accordion-item-content v4-accordion-content\">\n<p>The <em>International Ozone and Regenerative Medicine Congress<\/em> will take place at the <strong>Birun Ada Hotel in Istanbul<\/strong>. The congress brings together leading <strong>international experts<\/strong> in ozone therapy and regenerative medicine to discuss the latest scientific research, clinical applications, and innovative treatment approaches. Through <strong>high-level lectures, panel discussions, and interactive sessions<\/strong>, the event offers a comprehensive, evidence-based, and practice-oriented program. It serves as a unique platform for professional exchange, interdisciplinary collaboration, and networking within the field of integrative and regenerative medicine.<\/p>\n<\/div>\n<\/div>\n<\/div>\n<\/div><\/div>\n\n\n\n<div class=\"wp-block-columns is-layout-flex wp-container-core-columns-is-layout-9d6595d7 wp-block-columns-is-layout-flex\">\n<div class=\"wp-block-column is-layout-flow wp-block-column-is-layout-flow\">\n<h2 class=\"wp-block-heading\">Your contacts<\/h2>\n<\/div>\n\n\n\n<div class=\"wp-block-column is-layout-flow wp-block-column-is-layout-flow\">\n<p>Do you have any questions about our product range or our services? H\u00e4nsler Medical is at your disposal for all your concerns at any time.<\/p>\n<\/div>\n<\/div>\n\n\n\n    \n    \n<div id=\"v4core-post-list--1\" class=\"PostList PostList--contact PostList--slider\">\n\n    \n        <article class=\"PostList-no-results\">\n    <div class=\"PostList-item-link-content\">\n        <p class=\"PostList-item-link-content-title\">\n            <span class=\"PostList-item-link-content-category h6 has-magenta-color\">Keine Ergebnisse gefunden<\/span><br>\n            Versuchen Sie die Filterung anzupassen\n        <\/p>\n    <\/div>\n<\/article>\n\n                <div class=\"swiper-container\">\n            \n            <div class=\"PostList-posts PostList-posts--contact swiper-wrapper\">\n                \n    \n    <article\n        class=\"PostList-item PostList-item--contact post_type-contact-6549 swiper-slide\"\n        data-post=\"6549\">\n\n    <div class=\"PostList-item-image\">\n        <img loading=\"lazy\" decoding=\"async\" width=\"150\" height=\"150\" src=\"https:\/\/haensler-medical.de\/wp-content\/uploads\/2022\/05\/Haensler-Medical-Website-Logo.png\" class=\"attachment-hd size-hd\" alt=\"\" srcset=\"https:\/\/haensler-medical.de\/wp-content\/uploads\/2022\/05\/Haensler-Medical-Website-Logo.png 150w, https:\/\/haensler-medical.de\/wp-content\/uploads\/2022\/05\/Haensler-Medical-Website-Logo-100x100.png 100w\" sizes=\"auto, (max-width: 150px) 100vw, 150px\" \/>\n    <\/div>\n\n    <div class=\"PostList-item-content\">\n                                <span class=\"PostList-item-label has-grey-color\">Sales <\/span>\n        <p class=\"h6\">Sales Office<\/p>\n        <p><img decoding=\"async\" class=\"PostList-item-content-icon\" src=\"https:\/\/haensler-medical.de\/wp-content\/themes\/ozonosan\/assets\/img\/phone2.svg\"  alt=\"phone icon\"><a href=\"tel:+49 (0)7229 3046 0\">+49 (0)7229 3046 0<\/a><\/p>\n        <p><img decoding=\"async\" class=\"PostList-item-content-icon\" src=\"https:\/\/haensler-medical.de\/wp-content\/themes\/ozonosan\/assets\/img\/email2.svg\"  alt=\"email icon\"><a class=\"PostList-item-mail\" href=\"mailto:sales@haensler-medical.com\">Send Email<\/a><\/p>\n    <\/div>\n<\/article>    <article\n        class=\"PostList-item PostList-item--contact post_type-contact-6864 swiper-slide\"\n        data-post=\"6864\">\n\n    <div class=\"PostList-item-image\">\n        <img loading=\"lazy\" decoding=\"async\" width=\"1919\" height=\"1280\" src=\"https:\/\/haensler-medical.de\/wp-content\/uploads\/2022\/01\/DSC06277-Bearbeitet_fin-e1661959647562.jpg\" class=\"attachment-hd size-hd\" alt=\"\" \/>\n    <\/div>\n\n    <div class=\"PostList-item-content\">\n                                <span class=\"PostList-item-label has-grey-color\">International Sales <\/span>\n        <p class=\"h6\">Christoph Hasse<\/p>\n        <p><img decoding=\"async\" class=\"PostList-item-content-icon\" src=\"https:\/\/haensler-medical.de\/wp-content\/themes\/ozonosan\/assets\/img\/phone2.svg\"  alt=\"phone icon\"><a href=\"tel:+49-7229-304661\">+49-7229-304661<\/a><\/p>\n        <p><img decoding=\"async\" class=\"PostList-item-content-icon\" src=\"https:\/\/haensler-medical.de\/wp-content\/themes\/ozonosan\/assets\/img\/email2.svg\"  alt=\"email icon\"><a class=\"PostList-item-mail\" href=\"mailto:christoph.hasse@haensler-medical.com\">Send Email<\/a><\/p>\n    <\/div>\n<\/article>    <article\n        class=\"PostList-item PostList-item--contact post_type-contact-6264 swiper-slide\"\n        data-post=\"6264\">\n\n    <div class=\"PostList-item-image\">\n        <img loading=\"lazy\" decoding=\"async\" width=\"1213\" height=\"1280\" src=\"https:\/\/haensler-medical.de\/wp-content\/uploads\/2021\/12\/DSC04107-Bearbeitet_fin-e1661959552752.jpg\" class=\"attachment-hd size-hd\" alt=\"\" srcset=\"https:\/\/haensler-medical.de\/wp-content\/uploads\/2021\/12\/DSC04107-Bearbeitet_fin-e1661959552752.jpg 1214w, https:\/\/haensler-medical.de\/wp-content\/uploads\/2021\/12\/DSC04107-Bearbeitet_fin-e1661959552752-1042x1100.jpg 1042w, https:\/\/haensler-medical.de\/wp-content\/uploads\/2021\/12\/DSC04107-Bearbeitet_fin-e1661959552752-768x810.jpg 768w, https:\/\/haensler-medical.de\/wp-content\/uploads\/2021\/12\/DSC04107-Bearbeitet_fin-e1661959552752-600x633.jpg 600w\" sizes=\"auto, (max-width: 1213px) 100vw, 1213px\" \/>\n    <\/div>\n\n    <div class=\"PostList-item-content\">\n                                <span class=\"PostList-item-label has-grey-color\">International Sales <\/span>\n        <p class=\"h6\">Alexandra Kraft<\/p>\n        <p><img decoding=\"async\" class=\"PostList-item-content-icon\" src=\"https:\/\/haensler-medical.de\/wp-content\/themes\/ozonosan\/assets\/img\/phone2.svg\"  alt=\"phone icon\"><a href=\"tel:+49-7229-304617\">+49-7229-304617<\/a><\/p>\n        <p><img decoding=\"async\" class=\"PostList-item-content-icon\" src=\"https:\/\/haensler-medical.de\/wp-content\/themes\/ozonosan\/assets\/img\/email2.svg\"  alt=\"email icon\"><a class=\"PostList-item-mail\" href=\"mailto:alexandra.kraft@haensler-medical.com\">Send Email<\/a><\/p>\n    <\/div>\n<\/article>    <article\n        class=\"PostList-item PostList-item--contact post_type-contact-4144 swiper-slide\"\n        data-post=\"4144\">\n\n    <div class=\"PostList-item-image\">\n        <img loading=\"lazy\" decoding=\"async\" width=\"181\" height=\"178\" src=\"https:\/\/haensler-medical.de\/wp-content\/uploads\/2021\/01\/Platzhalter-Kontakte.png\" class=\"attachment-hd size-hd\" alt=\"\" \/>\n    <\/div>\n\n    <div class=\"PostList-item-content\">\n                                <span class=\"PostList-item-label has-grey-color\">Service &#038; Wartung<\/span>\n        <p class=\"h6\">Service<\/p>\n        <p><img decoding=\"async\" class=\"PostList-item-content-icon\" src=\"https:\/\/haensler-medical.de\/wp-content\/themes\/ozonosan\/assets\/img\/phone2.svg\"  alt=\"phone icon\"><a href=\"tel:+49 722930460\">+49 722930460<\/a><\/p>\n        <p><img decoding=\"async\" class=\"PostList-item-content-icon\" src=\"https:\/\/haensler-medical.de\/wp-content\/themes\/ozonosan\/assets\/img\/email2.svg\"  alt=\"email icon\"><a class=\"PostList-item-mail\" href=\"mailto:service@haensler-medical.com\">Send Email<\/a><\/p>\n    <\/div>\n<\/article>            <\/div>\n\n                    <\/div>\n        \n        <div class=\"PostList-meta\">\n\n            \n                            <div class=\"swiper-buttons\">\n                    <div class=\"swiper-button swiper-button-prev\"><\/div>\n                    <div class=\"swiper-button swiper-button-next\"><\/div>\n                <\/div>\n            \n        <\/div>\n\n        \n<\/div>\n\n\n<div class=\"wp-block-cover alignfull is-light Testimonial\"><span aria-hidden=\"true\" class=\"wp-block-cover__background has-light-grey-background-color has-background-dim-100 has-background-dim\"><\/span><div class=\"wp-block-cover__inner-container is-layout-flow wp-block-cover-is-layout-flow\">\n<div class=\"wp-block-columns is-layout-flex wp-container-core-columns-is-layout-9d6595d7 wp-block-columns-is-layout-flex\">\n<div class=\"wp-block-column is-layout-flow wp-block-column-is-layout-flow\">\n<div class=\"wp-block-group\"><div class=\"wp-block-group__inner-container is-layout-flow wp-block-group-is-layout-flow\">\n\n<div class=\"wp-block-v4core-inner-blocks SEOHeading\">\n<h2 class=\"wp-block-heading SEOHeading-heading\">Customer Testimonials<\/h2>\n\n\n\n<p class=\"SEOHeading-fauxHeading\">Medical doctors and patients are convinced of H\u00e4nsler Medical<\/p>\n<\/div>\n\n\n\n\n<p>More than 60 years ago, Dr. Joachim H\u00e4nsler developed the first ozone generator to be applied for medical purposes. Since then, a lot has changed. However, the satisfaction of our more than 10,000 global customers persists and remains high. Besides our uncompromising focus on quality and safety, our scientific contributions on ozone therapy and our excellent advisory network are particularly convincing. <\/p>\n\n\n\n<p>Please contact us if you have any questions. We would be more than happy to help.<\/p>\n<\/div><\/div>\n<\/div>\n\n\n\n<div class=\"wp-block-column is-layout-flow wp-block-column-is-layout-flow\">\n<div class=\"wp-block-group is-style-default has-light-blue-to-light-green-gradient-background has-background\"><div class=\"wp-block-group__inner-container is-layout-flow wp-block-group-is-layout-flow\">\n<figure class=\"wp-block-image size-full is-resized is-style-rounded\"><img loading=\"lazy\" decoding=\"async\" src=\"https:\/\/haensler-medical.de\/wp-content\/uploads\/2020\/12\/Shakeri-1.jpg\" alt=\"\" class=\"wp-image-3062\" width=\"246\" height=\"267\"\/><\/figure>\n\n\n\n<blockquote class=\"wp-block-quote has-text-align-left is-layout-flow wp-block-quote-is-layout-flow\">\n<p>H\u00e4nsler Medical products have become indispensable in my practice. The service and reliability are very good and the advice excellent.<\/p>\n<cite>Elahe Shakeri, MD, specialist in general medicine and naturopathy, Gro\u00dfhansdorf, Germany.<\/cite><\/blockquote>\n<\/div><\/div>\n<\/div>\n<\/div>\n\n\n\n<p><\/p>\n<\/div><\/div>\n","protected":false},"excerpt":{"rendered":"<p>Gemeinsam mit unseren Partnern veranstalten wir internationale Fortbildungen und Workshops vor Ort.<\/p>\n","protected":false},"author":10,"featured_media":4197,"parent":11233,"menu_order":0,"comment_status":"closed","ping_status":"closed","template":"","meta":{"_acf_changed":false,"footnotes":""},"class_list":["post-6924","page","type-page","status-publish","has-post-thumbnail","hentry"],"acf":[],"yoast_head":"<!-- This site is optimized with the Yoast SEO plugin v27.4 - https:\/\/yoast.com\/product\/yoast-seo-wordpress\/ -->\n<title>Events - Ozonosan<\/title>\n<meta name=\"description\" content=\"H\u00e4nsler Medical organisiert gemeinsam mit Partnern nationale und internationale Fortbildungen, Veranstaltungen und Workshops vor Ort.\" \/>\n<meta name=\"robots\" content=\"index, follow, max-snippet:-1, max-image-preview:large, max-video-preview:-1\" \/>\n<link rel=\"canonical\" href=\"https:\/\/haensler-medical.de\/en\/academy\/kalender\/\" \/>\n<meta property=\"og:locale\" content=\"en_US\" \/>\n<meta property=\"og:type\" content=\"article\" \/>\n<meta property=\"og:title\" content=\"Events - Ozonosan\" \/>\n<meta property=\"og:description\" content=\"H\u00e4nsler Medical organisiert gemeinsam mit Partnern nationale und internationale Fortbildungen, Veranstaltungen und Workshops vor Ort.\" \/>\n<meta property=\"og:url\" content=\"https:\/\/haensler-medical.de\/en\/academy\/kalender\/\" \/>\n<meta property=\"og:site_name\" content=\"Ozonosan\" \/>\n<meta property=\"article:modified_time\" content=\"2026-01-08T06:53:00+00:00\" \/>\n<meta property=\"og:image\" content=\"https:\/\/haensler-medical.de\/wp-content\/uploads\/2021\/01\/Veranstaltung-seminar-workshop.jpg\" \/>\n\t<meta property=\"og:image:width\" content=\"1920\" \/>\n\t<meta property=\"og:image:height\" content=\"1280\" \/>\n\t<meta property=\"og:image:type\" content=\"image\/jpeg\" \/>\n<meta name=\"twitter:card\" content=\"summary_large_image\" \/>\n<meta name=\"twitter:label1\" content=\"Est. reading time\" \/>\n\t<meta name=\"twitter:data1\" content=\"4 minutes\" \/>\n<script type=\"application\/ld+json\" class=\"yoast-schema-graph\">{\"@context\":\"https:\\\/\\\/schema.org\",\"@graph\":[{\"@type\":\"WebPage\",\"@id\":\"https:\\\/\\\/haensler-medical.de\\\/en\\\/academy\\\/kalender\\\/\",\"url\":\"https:\\\/\\\/haensler-medical.de\\\/en\\\/academy\\\/kalender\\\/\",\"name\":\"Events - Ozonosan\",\"isPartOf\":{\"@id\":\"https:\\\/\\\/haensler-medical.de\\\/#website\"},\"primaryImageOfPage\":{\"@id\":\"https:\\\/\\\/haensler-medical.de\\\/en\\\/academy\\\/kalender\\\/#primaryimage\"},\"image\":{\"@id\":\"https:\\\/\\\/haensler-medical.de\\\/en\\\/academy\\\/kalender\\\/#primaryimage\"},\"thumbnailUrl\":\"https:\\\/\\\/haensler-medical.de\\\/wp-content\\\/uploads\\\/2021\\\/01\\\/Veranstaltung-seminar-workshop.jpg\",\"datePublished\":\"2020-12-14T18:21:05+00:00\",\"dateModified\":\"2026-01-08T06:53:00+00:00\",\"description\":\"H\u00e4nsler Medical organisiert gemeinsam mit Partnern nationale und internationale Fortbildungen, Veranstaltungen und Workshops vor Ort.\",\"breadcrumb\":{\"@id\":\"https:\\\/\\\/haensler-medical.de\\\/en\\\/academy\\\/kalender\\\/#breadcrumb\"},\"inLanguage\":\"en-US\",\"potentialAction\":[{\"@type\":\"ReadAction\",\"target\":[\"https:\\\/\\\/haensler-medical.de\\\/en\\\/academy\\\/kalender\\\/\"]}]},{\"@type\":\"ImageObject\",\"inLanguage\":\"en-US\",\"@id\":\"https:\\\/\\\/haensler-medical.de\\\/en\\\/academy\\\/kalender\\\/#primaryimage\",\"url\":\"https:\\\/\\\/haensler-medical.de\\\/wp-content\\\/uploads\\\/2021\\\/01\\\/Veranstaltung-seminar-workshop.jpg\",\"contentUrl\":\"https:\\\/\\\/haensler-medical.de\\\/wp-content\\\/uploads\\\/2021\\\/01\\\/Veranstaltung-seminar-workshop.jpg\",\"width\":1920,\"height\":1280,\"caption\":\"Veranstaltung, Workshop\"},{\"@type\":\"BreadcrumbList\",\"@id\":\"https:\\\/\\\/haensler-medical.de\\\/en\\\/academy\\\/kalender\\\/#breadcrumb\",\"itemListElement\":[{\"@type\":\"ListItem\",\"position\":1,\"name\":\"Home\",\"item\":\"https:\\\/\\\/haensler-medical.de\\\/en\\\/\"},{\"@type\":\"ListItem\",\"position\":2,\"name\":\"Academy\",\"item\":\"https:\\\/\\\/haensler-medical.de\\\/en\\\/academy\\\/\"},{\"@type\":\"ListItem\",\"position\":3,\"name\":\"Events\"}]},{\"@type\":\"WebSite\",\"@id\":\"https:\\\/\\\/haensler-medical.de\\\/#website\",\"url\":\"https:\\\/\\\/haensler-medical.de\\\/\",\"name\":\"Ozonosan\",\"description\":\"Gesunde Innovationen zur Ozontherapie\",\"publisher\":{\"@id\":\"https:\\\/\\\/haensler-medical.de\\\/#organization\"},\"potentialAction\":[{\"@type\":\"SearchAction\",\"target\":{\"@type\":\"EntryPoint\",\"urlTemplate\":\"https:\\\/\\\/haensler-medical.de\\\/?s={search_term_string}\"},\"query-input\":{\"@type\":\"PropertyValueSpecification\",\"valueRequired\":true,\"valueName\":\"search_term_string\"}}],\"inLanguage\":\"en-US\"},{\"@type\":\"Organization\",\"@id\":\"https:\\\/\\\/haensler-medical.de\\\/#organization\",\"name\":\"Ozonosan\",\"url\":\"https:\\\/\\\/haensler-medical.de\\\/\",\"logo\":{\"@type\":\"ImageObject\",\"inLanguage\":\"en-US\",\"@id\":\"https:\\\/\\\/haensler-medical.de\\\/#\\\/schema\\\/logo\\\/image\\\/\",\"url\":\"https:\\\/\\\/haensler-medical.de\\\/wp-content\\\/uploads\\\/2022\\\/05\\\/Haensler-Medical-Website-Logo.png\",\"contentUrl\":\"https:\\\/\\\/haensler-medical.de\\\/wp-content\\\/uploads\\\/2022\\\/05\\\/Haensler-Medical-Website-Logo.png\",\"width\":150,\"height\":150,\"caption\":\"Ozonosan\"},\"image\":{\"@id\":\"https:\\\/\\\/haensler-medical.de\\\/#\\\/schema\\\/logo\\\/image\\\/\"}}]}<\/script>\n<!-- \/ Yoast SEO plugin. -->","yoast_head_json":{"title":"Events - Ozonosan","description":"H\u00e4nsler Medical organisiert gemeinsam mit Partnern nationale und internationale Fortbildungen, Veranstaltungen und Workshops vor Ort.","robots":{"index":"index","follow":"follow","max-snippet":"max-snippet:-1","max-image-preview":"max-image-preview:large","max-video-preview":"max-video-preview:-1"},"canonical":"https:\/\/haensler-medical.de\/en\/academy\/kalender\/","og_locale":"en_US","og_type":"article","og_title":"Events - Ozonosan","og_description":"H\u00e4nsler Medical organisiert gemeinsam mit Partnern nationale und internationale Fortbildungen, Veranstaltungen und Workshops vor Ort.","og_url":"https:\/\/haensler-medical.de\/en\/academy\/kalender\/","og_site_name":"Ozonosan","article_modified_time":"2026-01-08T06:53:00+00:00","og_image":[{"width":1920,"height":1280,"url":"https:\/\/haensler-medical.de\/wp-content\/uploads\/2021\/01\/Veranstaltung-seminar-workshop.jpg","type":"image\/jpeg"}],"twitter_card":"summary_large_image","twitter_misc":{"Est. reading time":"4 minutes"},"schema":{"@context":"https:\/\/schema.org","@graph":[{"@type":"WebPage","@id":"https:\/\/haensler-medical.de\/en\/academy\/kalender\/","url":"https:\/\/haensler-medical.de\/en\/academy\/kalender\/","name":"Events - Ozonosan","isPartOf":{"@id":"https:\/\/haensler-medical.de\/#website"},"primaryImageOfPage":{"@id":"https:\/\/haensler-medical.de\/en\/academy\/kalender\/#primaryimage"},"image":{"@id":"https:\/\/haensler-medical.de\/en\/academy\/kalender\/#primaryimage"},"thumbnailUrl":"https:\/\/haensler-medical.de\/wp-content\/uploads\/2021\/01\/Veranstaltung-seminar-workshop.jpg","datePublished":"2020-12-14T18:21:05+00:00","dateModified":"2026-01-08T06:53:00+00:00","description":"H\u00e4nsler Medical organisiert gemeinsam mit Partnern nationale und internationale Fortbildungen, Veranstaltungen und Workshops vor Ort.","breadcrumb":{"@id":"https:\/\/haensler-medical.de\/en\/academy\/kalender\/#breadcrumb"},"inLanguage":"en-US","potentialAction":[{"@type":"ReadAction","target":["https:\/\/haensler-medical.de\/en\/academy\/kalender\/"]}]},{"@type":"ImageObject","inLanguage":"en-US","@id":"https:\/\/haensler-medical.de\/en\/academy\/kalender\/#primaryimage","url":"https:\/\/haensler-medical.de\/wp-content\/uploads\/2021\/01\/Veranstaltung-seminar-workshop.jpg","contentUrl":"https:\/\/haensler-medical.de\/wp-content\/uploads\/2021\/01\/Veranstaltung-seminar-workshop.jpg","width":1920,"height":1280,"caption":"Veranstaltung, Workshop"},{"@type":"BreadcrumbList","@id":"https:\/\/haensler-medical.de\/en\/academy\/kalender\/#breadcrumb","itemListElement":[{"@type":"ListItem","position":1,"name":"Home","item":"https:\/\/haensler-medical.de\/en\/"},{"@type":"ListItem","position":2,"name":"Academy","item":"https:\/\/haensler-medical.de\/en\/academy\/"},{"@type":"ListItem","position":3,"name":"Events"}]},{"@type":"WebSite","@id":"https:\/\/haensler-medical.de\/#website","url":"https:\/\/haensler-medical.de\/","name":"Ozonosan","description":"Gesunde Innovationen zur Ozontherapie","publisher":{"@id":"https:\/\/haensler-medical.de\/#organization"},"potentialAction":[{"@type":"SearchAction","target":{"@type":"EntryPoint","urlTemplate":"https:\/\/haensler-medical.de\/?s={search_term_string}"},"query-input":{"@type":"PropertyValueSpecification","valueRequired":true,"valueName":"search_term_string"}}],"inLanguage":"en-US"},{"@type":"Organization","@id":"https:\/\/haensler-medical.de\/#organization","name":"Ozonosan","url":"https:\/\/haensler-medical.de\/","logo":{"@type":"ImageObject","inLanguage":"en-US","@id":"https:\/\/haensler-medical.de\/#\/schema\/logo\/image\/","url":"https:\/\/haensler-medical.de\/wp-content\/uploads\/2022\/05\/Haensler-Medical-Website-Logo.png","contentUrl":"https:\/\/haensler-medical.de\/wp-content\/uploads\/2022\/05\/Haensler-Medical-Website-Logo.png","width":150,"height":150,"caption":"Ozonosan"},"image":{"@id":"https:\/\/haensler-medical.de\/#\/schema\/logo\/image\/"}}]}},"_links":{"self":[{"href":"https:\/\/haensler-medical.de\/en\/wp-json\/wp\/v2\/pages\/6924","targetHints":{"allow":["GET"]}}],"collection":[{"href":"https:\/\/haensler-medical.de\/en\/wp-json\/wp\/v2\/pages"}],"about":[{"href":"https:\/\/haensler-medical.de\/en\/wp-json\/wp\/v2\/types\/page"}],"author":[{"embeddable":true,"href":"https:\/\/haensler-medical.de\/en\/wp-json\/wp\/v2\/users\/10"}],"replies":[{"embeddable":true,"href":"https:\/\/haensler-medical.de\/en\/wp-json\/wp\/v2\/comments?post=6924"}],"version-history":[{"count":43,"href":"https:\/\/haensler-medical.de\/en\/wp-json\/wp\/v2\/pages\/6924\/revisions"}],"predecessor-version":[{"id":15838,"href":"https:\/\/haensler-medical.de\/en\/wp-json\/wp\/v2\/pages\/6924\/revisions\/15838"}],"up":[{"embeddable":true,"href":"https:\/\/haensler-medical.de\/en\/wp-json\/wp\/v2\/pages\/11233"}],"wp:featuredmedia":[{"embeddable":true,"href":"https:\/\/haensler-medical.de\/en\/wp-json\/wp\/v2\/media\/4197"}],"wp:attachment":[{"href":"https:\/\/haensler-medical.de\/en\/wp-json\/wp\/v2\/media?parent=6924"}],"curies":[{"name":"wp","href":"https:\/\/api.w.org\/{rel}","templated":true}]}}