{"id":7653,"date":"2022-07-22T13:52:49","date_gmt":"2022-07-22T11:52:49","guid":{"rendered":"https:\/\/haensler-medical.de\/?page_id=7653"},"modified":"2022-07-22T13:52:52","modified_gmt":"2022-07-22T11:52:52","slug":"press-release","status":"publish","type":"page","link":"https:\/\/haensler-medical.de\/en\/press-release\/","title":{"rendered":"Dr. J. H\u00e4nsler GmbH becomes H\u00e4nsler Medical. Kastner-Praxisbedarf GmbH and Humares GmbH become part of the H\u00e4nsler Medical group."},"content":{"rendered":"\n<p><\/p>\n\n\n\n<p>December 2021<\/p>\n\n\n\n<div class=\"wp-block-media-text alignwide is-stacked-on-mobile\" style=\"grid-template-columns:19% auto\"><figure class=\"wp-block-media-text__media\"><img loading=\"lazy\" decoding=\"async\" width=\"1420\" height=\"1920\" src=\"https:\/\/haensler-medical.de\/wp-content\/uploads\/2021\/11\/Haensler_Medical_Logo_schwarz_verkehrsgruen_PNG-1420x1920.png\" alt=\"Firmierung Dr. J. H\u00e4nsler GmbH\" class=\"wp-image-6141 size-full\" srcset=\"https:\/\/haensler-medical.de\/wp-content\/uploads\/2021\/11\/Haensler_Medical_Logo_schwarz_verkehrsgruen_PNG-1420x1920.png 1420w, https:\/\/haensler-medical.de\/wp-content\/uploads\/2021\/11\/Haensler_Medical_Logo_schwarz_verkehrsgruen_PNG-814x1100.png 814w, https:\/\/haensler-medical.de\/wp-content\/uploads\/2021\/11\/Haensler_Medical_Logo_schwarz_verkehrsgruen_PNG-768x1038.png 768w, https:\/\/haensler-medical.de\/wp-content\/uploads\/2021\/11\/Haensler_Medical_Logo_schwarz_verkehrsgruen_PNG-1136x1536.png 1136w, https:\/\/haensler-medical.de\/wp-content\/uploads\/2021\/11\/Haensler_Medical_Logo_schwarz_verkehrsgruen_PNG-1515x2048.png 1515w, https:\/\/haensler-medical.de\/wp-content\/uploads\/2021\/11\/Haensler_Medical_Logo_schwarz_verkehrsgruen_PNG-947x1280.png 947w, https:\/\/haensler-medical.de\/wp-content\/uploads\/2021\/11\/Haensler_Medical_Logo_schwarz_verkehrsgruen_PNG-600x811.png 600w, https:\/\/haensler-medical.de\/wp-content\/uploads\/2021\/11\/Haensler_Medical_Logo_schwarz_verkehrsgruen_PNG.png 2011w\" sizes=\"auto, (max-width: 1420px) 100vw, 1420px\" \/><\/figure><div class=\"wp-block-media-text__content\">\n<ul class=\"wp-block-list\"><li>Dr. J. H\u00e4nsler GmbH will trade as H\u00e4nsler Medical from 1 January 2022.<\/li><li>Simultaneous takeover of Kastner-Praxisbedarf GmbH and Humares GmbH by H\u00e4nsler Medical.<\/li><li>Jonas Renz becomes member of the management team of the H\u00e4nsler Medical group.<\/li><\/ul>\n<\/div><\/div>\n\n\n\n<p><strong>Iffezheim. Shortly after spreading the news on the acquisition of Kastner-Praxisbedarf on the occasion of this year\u2019s Medica fair in November, H\u00e4nsler Medical, formerly Dr. J. H\u00e4nsler GmbH, is again here to share some important news before the year ends. As per January 1st, 2022 it will acquire the Bruchsal-based manufacturer of autologous blood systems and colon hydro therapy systems <em>Humares GmbH<\/em><\/strong><\/p>\n\n\n\n<p>&#8220;Our acquisition of the internationally operating Humares GmbH constitutes another important step to set the course for our future market development, both in Germany and abroad, as well as for our further expansion with an enhanced product portfolio, encompassing new segments of complementary medicine&#8221;, explains Robert Viebahn, one of the Managing Partners of H\u00e4nsler Medical, and points out further: \u201cBesides all products required for ozone therapy we are now in a position to provide our customers with additional medical products for HOT, UVB as well as colon hydro therapies&#8221;.<\/p>\n\n\n\n<p>&#8220;This acquisition will in turn enable more a rapid growth in order to faster achieve and materialize scale effects&#8221;, says Jonas Renz, also Managing Partner of H\u00e4nsler Medical. &#8220;Beyond that, the different therapy forms can optimally be combined with one another and thus ensure that our customers can draw on an outstanding therapy portfolio tailored to the specific needs of their patients.\u201d<\/p>\n\n\n\n<p>The Bruchsal location will be closed down in the medium term, while employees will be taken over and be distributed onto the two sites of H\u00e4nsler Medical Group in Iffezheim and Rastatt. Production and service of the Humares product portfolio will thereby be maintained to greatest possible extent, so that current Humares customers may rely on the utilization and purchase of their consumables in in the usual manner.<\/p>\n\n\n\n<p>Since the development of the very first medical ozone generator, dating back to more than 60 years,<strong> H\u00e4nsler Medical<\/strong> has provided its customers with cutting-edge ozone therapy appliances and particularly safe consumables. Furthermore, the company\u2019s scientific achievements are industry wide recognised and have given rise to some ground-breaking developments, thereby setting standards for ozone therapy. Currently, our organisation operates from two different locations with more than 30&nbsp;employees.<\/p>\n\n\n\n<p>For more than 40 years, <strong>Humares GmbH<\/strong> has convinced over 6,000&nbsp;customers globally with its appliances and consumables designed for ozone, hydro and UVB (ultraviolet blood irradiation) therapies. Thanks to the development of the sangi set as well as many other product innovations the company is proud of taking the lead in numerous countries.<\/p>\n\n\n\n<p>For more than 30 years, <strong>Kastner Praxisbedarf GmbH<\/strong> has reliably supplied its customers with all products required in medical practices on a daily basis. Furthermore, the company has well established itself as a supplier of its own ozone therapy appliances \u2013 mainly in the Asian market. Besides devices for ozone autohemotherapy, the company also manufactures top-selling products for HOT (hematogenous oxidation) and UVB (ultraviolet blood irradiation) therapies.<\/p>\n\n\n\n<div class=\"wp-block-file\"><a id=\"wp-block-file--media-c36d2631-0acd-40fd-b339-b3aba27b02bd\" href=\"https:\/\/haensler-medical.de\/wp-content\/uploads\/2022\/07\/2021_12_Pressemitteilung_Humares_Haensler_Medical_ENG.doc\">2021_12_Press_Release_Humares_H\u00e4nsler_Medical_ENG<\/a><a href=\"https:\/\/haensler-medical.de\/wp-content\/uploads\/2022\/07\/2021_12_Pressemitteilung_Humares_Haensler_Medical_ENG.doc\" class=\"wp-block-file__button\" download aria-describedby=\"wp-block-file--media-c36d2631-0acd-40fd-b339-b3aba27b02bd\">Download<\/a><\/div>\n","protected":false},"excerpt":{"rendered":"<p>Dr. J. H\u00e4nsler GmbH becomes H\u00e4nsler Medical. Kastner-Praxisbedarf GmbH and Humares GmbH become part of the H\u00e4nsler Medical group.<\/p>\n","protected":false},"author":10,"featured_media":6141,"parent":0,"menu_order":11,"comment_status":"closed","ping_status":"closed","template":"","meta":{"_acf_changed":false,"footnotes":""},"class_list":["post-7653","page","type-page","status-publish","has-post-thumbnail","hentry"],"acf":[],"yoast_head":"<!-- This site is optimized with the Yoast SEO plugin v27.6 - https:\/\/yoast.com\/product\/yoast-seo-wordpress\/ -->\n<title>Dr. J. H\u00e4nsler GmbH becomes H\u00e4nsler Medical. Kastner-Praxisbedarf GmbH and Humares GmbH become part of the H\u00e4nsler Medical group. - Ozonosan<\/title>\n<meta name=\"description\" content=\"Dr. J. H\u00e4nsler GmbH becomes H\u00e4nsler Medical. Kastner-Praxisbedarf GmbH and Humares GmbH become part of the H\u00e4nsler Medical group.\" \/>\n<meta name=\"robots\" content=\"index, follow, max-snippet:-1, max-image-preview:large, max-video-preview:-1\" \/>\n<link rel=\"canonical\" href=\"https:\/\/haensler-medical.de\/en\/press-release\/\" \/>\n<meta property=\"og:locale\" content=\"en_US\" \/>\n<meta property=\"og:type\" content=\"article\" \/>\n<meta property=\"og:title\" content=\"Dr. J. H\u00e4nsler GmbH becomes H\u00e4nsler Medical. Kastner-Praxisbedarf GmbH and Humares GmbH become part of the H\u00e4nsler Medical group. - Ozonosan\" \/>\n<meta property=\"og:description\" content=\"Dr. J. H\u00e4nsler GmbH becomes H\u00e4nsler Medical. Kastner-Praxisbedarf GmbH and Humares GmbH become part of the H\u00e4nsler Medical group.\" \/>\n<meta property=\"og:url\" content=\"https:\/\/haensler-medical.de\/en\/press-release\/\" \/>\n<meta property=\"og:site_name\" content=\"Ozonosan\" \/>\n<meta property=\"article:modified_time\" content=\"2022-07-22T11:52:52+00:00\" \/>\n<meta property=\"og:image\" content=\"https:\/\/haensler-medical.de\/wp-content\/uploads\/2021\/11\/Haensler_Medical_Logo_schwarz_verkehrsgruen_PNG.png\" \/>\n\t<meta property=\"og:image:width\" content=\"2011\" \/>\n\t<meta property=\"og:image:height\" content=\"2719\" \/>\n\t<meta property=\"og:image:type\" content=\"image\/png\" \/>\n<meta name=\"twitter:card\" content=\"summary_large_image\" \/>\n<meta name=\"twitter:label1\" content=\"Est. reading time\" \/>\n\t<meta name=\"twitter:data1\" content=\"4 minutes\" \/>\n<script type=\"application\/ld+json\" class=\"yoast-schema-graph\">{\"@context\":\"https:\\\/\\\/schema.org\",\"@graph\":[{\"@type\":\"WebPage\",\"@id\":\"https:\\\/\\\/haensler-medical.de\\\/en\\\/press-release\\\/\",\"url\":\"https:\\\/\\\/haensler-medical.de\\\/en\\\/press-release\\\/\",\"name\":\"Dr. J. H\u00e4nsler GmbH becomes H\u00e4nsler Medical. Kastner-Praxisbedarf GmbH and Humares GmbH become part of the H\u00e4nsler Medical group. - Ozonosan\",\"isPartOf\":{\"@id\":\"https:\\\/\\\/haensler-medical.de\\\/#website\"},\"primaryImageOfPage\":{\"@id\":\"https:\\\/\\\/haensler-medical.de\\\/en\\\/press-release\\\/#primaryimage\"},\"image\":{\"@id\":\"https:\\\/\\\/haensler-medical.de\\\/en\\\/press-release\\\/#primaryimage\"},\"thumbnailUrl\":\"https:\\\/\\\/haensler-medical.de\\\/wp-content\\\/uploads\\\/2021\\\/11\\\/Haensler_Medical_Logo_schwarz_verkehrsgruen_PNG.png\",\"datePublished\":\"2022-07-22T11:52:49+00:00\",\"dateModified\":\"2022-07-22T11:52:52+00:00\",\"description\":\"Dr. J. H\u00e4nsler GmbH becomes H\u00e4nsler Medical. Kastner-Praxisbedarf GmbH and Humares GmbH become part of the H\u00e4nsler Medical group.\",\"breadcrumb\":{\"@id\":\"https:\\\/\\\/haensler-medical.de\\\/en\\\/press-release\\\/#breadcrumb\"},\"inLanguage\":\"en-US\",\"potentialAction\":[{\"@type\":\"ReadAction\",\"target\":[\"https:\\\/\\\/haensler-medical.de\\\/en\\\/press-release\\\/\"]}]},{\"@type\":\"ImageObject\",\"inLanguage\":\"en-US\",\"@id\":\"https:\\\/\\\/haensler-medical.de\\\/en\\\/press-release\\\/#primaryimage\",\"url\":\"https:\\\/\\\/haensler-medical.de\\\/wp-content\\\/uploads\\\/2021\\\/11\\\/Haensler_Medical_Logo_schwarz_verkehrsgruen_PNG.png\",\"contentUrl\":\"https:\\\/\\\/haensler-medical.de\\\/wp-content\\\/uploads\\\/2021\\\/11\\\/Haensler_Medical_Logo_schwarz_verkehrsgruen_PNG.png\",\"width\":2011,\"height\":2719,\"caption\":\"Firmierung Dr. J. H\u00e4nsler GmbH\"},{\"@type\":\"BreadcrumbList\",\"@id\":\"https:\\\/\\\/haensler-medical.de\\\/en\\\/press-release\\\/#breadcrumb\",\"itemListElement\":[{\"@type\":\"ListItem\",\"position\":1,\"name\":\"Home\",\"item\":\"https:\\\/\\\/haensler-medical.de\\\/en\\\/\"},{\"@type\":\"ListItem\",\"position\":2,\"name\":\"Dr. J. H\u00e4nsler GmbH becomes H\u00e4nsler Medical. Kastner-Praxisbedarf GmbH and Humares GmbH become part of the H\u00e4nsler Medical group.\"}]},{\"@type\":\"WebSite\",\"@id\":\"https:\\\/\\\/haensler-medical.de\\\/#website\",\"url\":\"https:\\\/\\\/haensler-medical.de\\\/\",\"name\":\"Ozonosan\",\"description\":\"Gesunde Innovationen zur Ozontherapie\",\"publisher\":{\"@id\":\"https:\\\/\\\/haensler-medical.de\\\/#organization\"},\"potentialAction\":[{\"@type\":\"SearchAction\",\"target\":{\"@type\":\"EntryPoint\",\"urlTemplate\":\"https:\\\/\\\/haensler-medical.de\\\/?s={search_term_string}\"},\"query-input\":{\"@type\":\"PropertyValueSpecification\",\"valueRequired\":true,\"valueName\":\"search_term_string\"}}],\"inLanguage\":\"en-US\"},{\"@type\":\"Organization\",\"@id\":\"https:\\\/\\\/haensler-medical.de\\\/#organization\",\"name\":\"Ozonosan\",\"url\":\"https:\\\/\\\/haensler-medical.de\\\/\",\"logo\":{\"@type\":\"ImageObject\",\"inLanguage\":\"en-US\",\"@id\":\"https:\\\/\\\/haensler-medical.de\\\/#\\\/schema\\\/logo\\\/image\\\/\",\"url\":\"https:\\\/\\\/haensler-medical.de\\\/wp-content\\\/uploads\\\/2022\\\/05\\\/Haensler-Medical-Website-Logo.png\",\"contentUrl\":\"https:\\\/\\\/haensler-medical.de\\\/wp-content\\\/uploads\\\/2022\\\/05\\\/Haensler-Medical-Website-Logo.png\",\"width\":150,\"height\":150,\"caption\":\"Ozonosan\"},\"image\":{\"@id\":\"https:\\\/\\\/haensler-medical.de\\\/#\\\/schema\\\/logo\\\/image\\\/\"}}]}<\/script>\n<!-- \/ Yoast SEO plugin. -->","yoast_head_json":{"title":"Dr. J. H\u00e4nsler GmbH becomes H\u00e4nsler Medical. Kastner-Praxisbedarf GmbH and Humares GmbH become part of the H\u00e4nsler Medical group. - Ozonosan","description":"Dr. J. H\u00e4nsler GmbH becomes H\u00e4nsler Medical. Kastner-Praxisbedarf GmbH and Humares GmbH become part of the H\u00e4nsler Medical group.","robots":{"index":"index","follow":"follow","max-snippet":"max-snippet:-1","max-image-preview":"max-image-preview:large","max-video-preview":"max-video-preview:-1"},"canonical":"https:\/\/haensler-medical.de\/en\/press-release\/","og_locale":"en_US","og_type":"article","og_title":"Dr. J. H\u00e4nsler GmbH becomes H\u00e4nsler Medical. Kastner-Praxisbedarf GmbH and Humares GmbH become part of the H\u00e4nsler Medical group. - Ozonosan","og_description":"Dr. J. H\u00e4nsler GmbH becomes H\u00e4nsler Medical. Kastner-Praxisbedarf GmbH and Humares GmbH become part of the H\u00e4nsler Medical group.","og_url":"https:\/\/haensler-medical.de\/en\/press-release\/","og_site_name":"Ozonosan","article_modified_time":"2022-07-22T11:52:52+00:00","og_image":[{"width":2011,"height":2719,"url":"https:\/\/haensler-medical.de\/wp-content\/uploads\/2021\/11\/Haensler_Medical_Logo_schwarz_verkehrsgruen_PNG.png","type":"image\/png"}],"twitter_card":"summary_large_image","twitter_misc":{"Est. reading time":"4 minutes"},"schema":{"@context":"https:\/\/schema.org","@graph":[{"@type":"WebPage","@id":"https:\/\/haensler-medical.de\/en\/press-release\/","url":"https:\/\/haensler-medical.de\/en\/press-release\/","name":"Dr. J. H\u00e4nsler GmbH becomes H\u00e4nsler Medical. Kastner-Praxisbedarf GmbH and Humares GmbH become part of the H\u00e4nsler Medical group. - Ozonosan","isPartOf":{"@id":"https:\/\/haensler-medical.de\/#website"},"primaryImageOfPage":{"@id":"https:\/\/haensler-medical.de\/en\/press-release\/#primaryimage"},"image":{"@id":"https:\/\/haensler-medical.de\/en\/press-release\/#primaryimage"},"thumbnailUrl":"https:\/\/haensler-medical.de\/wp-content\/uploads\/2021\/11\/Haensler_Medical_Logo_schwarz_verkehrsgruen_PNG.png","datePublished":"2022-07-22T11:52:49+00:00","dateModified":"2022-07-22T11:52:52+00:00","description":"Dr. J. H\u00e4nsler GmbH becomes H\u00e4nsler Medical. Kastner-Praxisbedarf GmbH and Humares GmbH become part of the H\u00e4nsler Medical group.","breadcrumb":{"@id":"https:\/\/haensler-medical.de\/en\/press-release\/#breadcrumb"},"inLanguage":"en-US","potentialAction":[{"@type":"ReadAction","target":["https:\/\/haensler-medical.de\/en\/press-release\/"]}]},{"@type":"ImageObject","inLanguage":"en-US","@id":"https:\/\/haensler-medical.de\/en\/press-release\/#primaryimage","url":"https:\/\/haensler-medical.de\/wp-content\/uploads\/2021\/11\/Haensler_Medical_Logo_schwarz_verkehrsgruen_PNG.png","contentUrl":"https:\/\/haensler-medical.de\/wp-content\/uploads\/2021\/11\/Haensler_Medical_Logo_schwarz_verkehrsgruen_PNG.png","width":2011,"height":2719,"caption":"Firmierung Dr. J. H\u00e4nsler GmbH"},{"@type":"BreadcrumbList","@id":"https:\/\/haensler-medical.de\/en\/press-release\/#breadcrumb","itemListElement":[{"@type":"ListItem","position":1,"name":"Home","item":"https:\/\/haensler-medical.de\/en\/"},{"@type":"ListItem","position":2,"name":"Dr. J. H\u00e4nsler GmbH becomes H\u00e4nsler Medical. Kastner-Praxisbedarf GmbH and Humares GmbH become part of the H\u00e4nsler Medical group."}]},{"@type":"WebSite","@id":"https:\/\/haensler-medical.de\/#website","url":"https:\/\/haensler-medical.de\/","name":"Ozonosan","description":"Gesunde Innovationen zur Ozontherapie","publisher":{"@id":"https:\/\/haensler-medical.de\/#organization"},"potentialAction":[{"@type":"SearchAction","target":{"@type":"EntryPoint","urlTemplate":"https:\/\/haensler-medical.de\/?s={search_term_string}"},"query-input":{"@type":"PropertyValueSpecification","valueRequired":true,"valueName":"search_term_string"}}],"inLanguage":"en-US"},{"@type":"Organization","@id":"https:\/\/haensler-medical.de\/#organization","name":"Ozonosan","url":"https:\/\/haensler-medical.de\/","logo":{"@type":"ImageObject","inLanguage":"en-US","@id":"https:\/\/haensler-medical.de\/#\/schema\/logo\/image\/","url":"https:\/\/haensler-medical.de\/wp-content\/uploads\/2022\/05\/Haensler-Medical-Website-Logo.png","contentUrl":"https:\/\/haensler-medical.de\/wp-content\/uploads\/2022\/05\/Haensler-Medical-Website-Logo.png","width":150,"height":150,"caption":"Ozonosan"},"image":{"@id":"https:\/\/haensler-medical.de\/#\/schema\/logo\/image\/"}}]}},"_links":{"self":[{"href":"https:\/\/haensler-medical.de\/en\/wp-json\/wp\/v2\/pages\/7653","targetHints":{"allow":["GET"]}}],"collection":[{"href":"https:\/\/haensler-medical.de\/en\/wp-json\/wp\/v2\/pages"}],"about":[{"href":"https:\/\/haensler-medical.de\/en\/wp-json\/wp\/v2\/types\/page"}],"author":[{"embeddable":true,"href":"https:\/\/haensler-medical.de\/en\/wp-json\/wp\/v2\/users\/10"}],"replies":[{"embeddable":true,"href":"https:\/\/haensler-medical.de\/en\/wp-json\/wp\/v2\/comments?post=7653"}],"version-history":[{"count":6,"href":"https:\/\/haensler-medical.de\/en\/wp-json\/wp\/v2\/pages\/7653\/revisions"}],"predecessor-version":[{"id":7704,"href":"https:\/\/haensler-medical.de\/en\/wp-json\/wp\/v2\/pages\/7653\/revisions\/7704"}],"wp:featuredmedia":[{"embeddable":true,"href":"https:\/\/haensler-medical.de\/en\/wp-json\/wp\/v2\/media\/6141"}],"wp:attachment":[{"href":"https:\/\/haensler-medical.de\/en\/wp-json\/wp\/v2\/media?parent=7653"}],"curies":[{"name":"wp","href":"https:\/\/api.w.org\/{rel}","templated":true}]}}